{"id":1153,"date":"2020-05-22T10:36:26","date_gmt":"2020-05-22T10:36:26","guid":{"rendered":"https:\/\/www.casadesantaanadabeira.com\/?page_id=1153"},"modified":"2025-01-29T20:13:37","modified_gmt":"2025-01-29T20:13:37","slug":"policy-privacy","status":"publish","type":"page","link":"https:\/\/www.casadesantaanadabeira.com\/en\/policy-privacy\/","title":{"rendered":"Policy Privacy"},"content":{"rendered":"\t\t<div data-elementor-type=\"wp-page\" data-elementor-id=\"1153\" class=\"elementor elementor-1153 elementor-344\" data-elementor-post-type=\"page\">\n\t\t\t\t\t\t\t\t\t<section class=\"elementor-section elementor-top-section elementor-element elementor-element-077e48c elementor-section-boxed elementor-section-height-default elementor-section-height-default\" data-id=\"077e48c\" data-element_type=\"section\">\n\t\t\t\t\t\t<div class=\"elementor-container elementor-column-gap-default\">\n\t\t\t\t\t<div class=\"elementor-column elementor-col-100 elementor-top-column elementor-element elementor-element-8a9b120\" data-id=\"8a9b120\" data-element_type=\"column\">\n\t\t\t<div class=\"elementor-widget-wrap elementor-element-populated\">\n\t\t\t\t\t\t\t\t<section class=\"elementor-section elementor-inner-section elementor-element elementor-element-d1169b7 elementor-section-boxed elementor-section-height-default elementor-section-height-default\" data-id=\"d1169b7\" data-element_type=\"section\">\n\t\t\t\t\t\t<div class=\"elementor-container elementor-column-gap-default\">\n\t\t\t\t\t<div class=\"elementor-column elementor-col-100 elementor-inner-column elementor-element elementor-element-6012b8f\" data-id=\"6012b8f\" data-element_type=\"column\">\n\t\t\t<div class=\"elementor-widget-wrap elementor-element-populated\">\n\t\t\t\t\t\t\t\t<div class=\"elementor-element elementor-element-082bfaa elementor-widget elementor-widget-text-editor\" data-id=\"082bfaa\" data-element_type=\"widget\" data-widget_type=\"text-editor.default\">\n\t\t\t\t<div class=\"elementor-widget-container\">\n\t\t\t\t\t\t\t<p><strong>Casa de Santa Ana da Beira<\/strong>\u00a0is fulfilled with the obligations that result from the data protection law and the Personal Data Treatment Law and Privacy Protection in the Electronic Telecommunications sector. Our privacy and cookies policy explains how we will treat any personal information that provides ourselves when using this website and the services that we make available in this way.<\/p><p>1 \u2013 <strong>Collection and registration of data<\/strong><\/p><p>Santa Ana da Beira&#8217;s house is committed to protecting the privacy of users from your site and, as such, collects only the personal information of those who will volunteer, and so, only, only uses it for the purposes for which they were provided.<\/p><p>The personal data collected by Santa Ana da Beira House is automatically processed and are intended for the management of the client&#8217;s form, their services and their support and support requests. The collection and processing of personal data is also purpose of its use for contacts by <strong>Casa de Santa Ana da Beira<\/strong> for the purposes of:<\/p><ul><li><p>Ensure the normal operation of the contracted service, namely providing data for its management, and billing.<\/p><\/li><li><p>Register contact requests, reserves or budgets.<\/p><\/li><li><p>Sending information from a generalist and publicist in relation to <strong>Casa de Santa Ana da Beira<\/strong> and the services and products provided by it.<\/p><p>The data provided is integrated into a database, and its automated treatment is organized and maintained directly by <strong>Casa de Santa Ana da Beira<\/strong> in accordance with Law 67\/98 of October 26. Children under 18 should obtain permission from parents or tutors before accessing or providing personal data on the site.<\/p><\/li><\/ul><p><strong>\u00a0<\/strong><strong>2 \u2013 Rectification or elimination of data provided<\/strong><\/p><p>2.1 \u2013 <strong>Data supply and rectification<br \/><\/strong><\/p><p>Under the applicable legislation, the user assists the right to access, rectification of his data, now <strong>Casa de Santa Ana da Beira<\/strong> offers the customer the permanent access to their data, thus enabling their rectification at all times.<\/p><p>2.2 \u2013 <strong>Free data supply and acceptance of this privacy policy<br \/><\/strong><\/p><p>Any user may freely choose to provide or not your data.<\/p><p>The completion of the client form, contact form, budget request, reserves and newsletter subscription form is taken as a voluntary data indication and is understood as a declaration of acceptance by the client of this privacy policy, as well as treatment and storage of these data, through <strong>Casa de Santa Ana da Beira<\/strong>, for the commercial purposes for which they are intended.<\/p><p>Thus, <strong>Casa Santa Ana da Beira<\/strong> reserves the right to store and use the data provided by the customer until this express statement to request its elimination.<\/p><p>2.3 \u2013\u00a0<strong>Elimina\u00e7\u00e3o dos dados<br \/><\/strong><\/p><p>Muito embora a <strong>Casa de Santa Ana da Beira <\/strong>n\u00e3o se comprometa a armazenar os dados do cliente depois de excedidos os prazos para renova\u00e7\u00e3o dos seus servi\u00e7os e\/ou ap\u00f3s a rescis\u00e3o do contrato sem que haja uma informa\u00e7\u00e3o expressa acerca, a <strong>Casa de Santa Ana da Beira <\/strong>n\u00e3o poder\u00e1 aferir com certeza se o cliente pretende ou n\u00e3o manter-se inscrito como cliente <strong>Casa de Santa Ana da Beira<\/strong>.<\/p><p>Se for do interesse do cliente n\u00e3o ser mais contactado pela <strong>Casa de Santa Ana da Beira <\/strong>e que a <strong>Casa de Santa Ana da Beira <\/strong>n\u00e3o guarde mais os seus dados, dever\u00e1 solicitar por forma expressa a elimina\u00e7\u00e3o dos seus dados das nossas bases de dados.<\/p><p>Para as quest\u00f5es relacionadas com o tratamento dos seus dados pessoais poder\u00e1 contactar a <strong>Casa de Santa Ana da Beira <\/strong>para os dados de contacto indicados no ponto 6, da presente Pol\u00edtica de Privacidade<\/p><p>3 \u2013\u00a0<strong>Seguran\u00e7a e utiliza\u00e7\u00e3o da sua informa\u00e7\u00e3o<\/strong><\/p><p>A <strong>Casa de Santa Ana da Beira <\/strong>compromete-se a n\u00e3o vender nem alugar ou transmitir ou sob qualquer outro t\u00edtulo, a terceiros quaisquer dados pessoais enviados pelos utilizadores do nosso site, sem preju\u00edzo de o fazer mediante autoriza\u00e7\u00e3o do utilizador ou quando seja legalmente obrigado. A <strong>Casa de Santa Ana da Beira <\/strong>assegura que, tanto quanto \u00e9 exig\u00edvel e atend\u00edvel, foram adotadas e organizadas as medidas t\u00e9cnicas adequadas para proteger os dados pessoais contra a destrui\u00e7\u00e3o, altera\u00e7\u00e3o e\/ou difus\u00e3o acidental ou il\u00edcita, n\u00e3o autorizadas dos dados pessoais.<br \/>Qualquer tentativa de viola\u00e7\u00e3o da base de dados do presente site ser\u00e1 objeto de a\u00e7\u00e3o penal e queixa-crime, conforme previsto na legisla\u00e7\u00e3o portuguesa referente a bases de dados e poder\u00e1 implicar responsabilidade civil e criminal.<\/p><p>4 \u2013\u00a0<strong>Conserva\u00e7\u00e3o da informa\u00e7\u00e3o pessoal<\/strong><\/p><p>Ap\u00f3s a recolha de informa\u00e7\u00e3o pessoal individualizada transmitida voluntariamente pelo utilizador, a <strong>Casa de Santa Ana da Beira <\/strong>proceder\u00e1 \u00e0 sua conserva\u00e7\u00e3o e manuten\u00e7\u00e3o pelo per\u00edodo necess\u00e1rio \u00e0 finalidade do seu tratamento, at\u00e9 instru\u00e7\u00f5es em contr\u00e1rio, ou at\u00e9 que a lei exija a respetiva elimina\u00e7\u00e3o.<\/p><p>A conserva\u00e7\u00e3o dessa informa\u00e7\u00e3o permite que a <strong>Casa de Santa Ana da Beira <\/strong>continue a fornecer servi\u00e7os personalizados sem interrup\u00e7\u00e3o, salvo oposi\u00e7\u00e3o expressa do Utilizador.<\/p><p>5 \u2013\u00a0<strong>Entidade respons\u00e1vel<\/strong><\/p><p>O propriet\u00e1rio do dom\u00ednio www.casadesantaanadabeira.com e a entidade respons\u00e1vel pelo tratamento da Base de Dados \u00e9 a <strong>Casa de Santa Ana da Beira<\/strong>, com sede em Rua Luciano Homem Ferreira, 11, Paranhos da Beira, Seia, podendo qualquer interessado entrar em contacto com ela atrav\u00e9s dos seguintes contactos:<\/p><ul><li><u>Telefone<\/u>: +351 238976161<\/li><li><u>Morada<\/u>: Rua Luciano Homem Ferreira, 11, Paranhos da Beira | Seia<\/li><li><u>Email<\/u>: <a title=\"Contacte-nos por email\" href=\"mailto:info@casadesantaanadabeira.com\">info@casadesantaanadabeira.com<\/a><\/li><\/ul><p><strong>A nossa pol\u00edtica de Cookies<\/strong><\/p><p>Os cookies s\u00e3o pequenos fragmentos de texto enviados para o seu navegador pelos Websites que visita. Os cookies desempenham um papel importante; sem eles, utilizar a Web seria uma experi\u00eancia muito mais frustrante.<\/p><p>Os cookies s\u00e3o ficheiros que s\u00e3o gravados no seu computador que t\u00eam como \u00fanico objetivo simplificar a sua navega\u00e7\u00e3o em https:\/\/www.casadesantaanadabeira.com\/, facilitando a sua pr\u00f3xima visita e tornam o Website https:\/\/www.casadesantaanadabeira.com\/ mais \u00fatil para si (estes cookies n\u00e3o podem conter v\u00edrus nem ser executados, pois n\u00e3o s\u00e3o ficheiros ativos).<br \/>Os cookies s\u00e3o gravados no \/ equipamento terminal e acedidos pelo nosso website apenas porque e quando o utilizador d\u00e1 o seu consentimento atrav\u00e9s de um comportamento ativo e mediante uma decis\u00e3o livre consubstanciada na aceita\u00e7\u00e3o da navega\u00e7\u00e3o no nosso website, com base em informa\u00e7\u00f5es claras e completas nos termos adiante explicitados, nomeadamente sobre o objetivo do processamento.<\/p><p>Estes cookies apenas podem ser lidos pela https:\/\/www.casadesantaanadabeira.com\/ e por si.<\/p><p>Os cookies que utilizamos e quais as fun\u00e7\u00f5es dos mesmos:<\/p><p><strong>Cookies estritamente necess\u00e1rios<\/strong>\u00a0\u2013 s\u00e3o cookies essenciais e que permitem ao nosso site responder a qualquer a\u00e7\u00e3o que executa no site, tal como completar um formul\u00e1rio de inqu\u00e9rito. O site n\u00e3o funciona corretamente se este cookie n\u00e3o for usado.<\/p><p><strong>Cookies anal\u00edticos<\/strong>\u00a0\u2013 s\u00e3o cookies que permitem a fun\u00e7\u00e3o do software de an\u00e1lise (analytics). Este software ajuda a analisar os nossos visitantes do site e fornecer informa\u00e7\u00f5es an\u00f3nimas, como navegadores utilizados, visitantes de retorno e de resposta \u00e0s atividades de marketing. Esta informa\u00e7\u00e3o ajuda-nos a melhorar o site e sua experi\u00eancia on-line.<\/p><p><strong>Cookies de Funcionalidade<\/strong>\u00a0\u2013 s\u00e3o cookies que guardam as prefer\u00eancias do utilizador relativamente \u00e0 utiliza\u00e7\u00e3o do site, de forma que n\u00e3o seja necess\u00e1rio voltar a configurar o site cada vez que o visita.<\/p><p><strong>Cookies permanentes<\/strong>\u00a0\u2013 s\u00e3o cookies que ficam armazenados nos dispositivos de acesso (computador, telem\u00f3vel, smartphone ou tablet), ao n\u00edvel do navegador de internet (browser), e s\u00e3o usados sempre que o utilizador visita novamente o site. Em geral, s\u00e3o usados para direcionar a navega\u00e7\u00e3o de acordo com os interesses do utilizador, permitindo prestar um servi\u00e7o mais personalizado;<\/p><p><strong>Session cookies<\/strong> <strong>&#8211;<\/strong> They are temporary cookies, which are generated and available until the session end. Next time you access your internet browser (browser) cookies will no longer be stored. The information obtained allows you to manage sessions, identify problems and provide a better navigation experience.<\/p><p>The user is allowed to accept, refuse or delete cookies, namely by selecting the appropriate definitions in their browser (browser). When deacting cookies you can prevent some of our web services from working properly.<\/p><p>For more information about cookies, including to know that cookies have been installed and how they can be managed and eliminated, visit <a href=\"http:\/\/www.allaboutcookies.org\/\">www.allaboutcookies.org<\/a>. If you do not want your visits to web sites to be detected by Google Analytics, go to <a href=\"http:\/\/tools.google.com\/dlpage\/gaoptout\">http:\/\/tools.google.com\/dlpage\/gaoptout<\/a><\/p><p><strong><br \/>Acceptance of these terms<\/strong><\/p><p>By using this site, the user agrees to collect and use his information as established in this cookies policy.<\/p>\t\t\t\t\t\t<\/div>\n\t\t\t\t<\/div>\n\t\t\t\t\t<\/div>\n\t\t<\/div>\n\t\t\t\t\t\t\t<\/div>\n\t\t<\/section>\n\t\t\t\t\t<\/div>\n\t\t<\/div>\n\t\t\t\t\t\t\t<\/div>\n\t\t<\/section>\n\t\t\t\t<section class=\"elementor-section elementor-top-section elementor-element elementor-element-643e482 elementor-section-boxed elementor-section-height-default elementor-section-height-default\" data-id=\"643e482\" data-element_type=\"section\">\n\t\t\t\t\t\t<div class=\"elementor-container elementor-column-gap-default\">\n\t\t\t\t\t<div class=\"elementor-column elementor-col-100 elementor-top-column elementor-element elementor-element-3b001c8\" data-id=\"3b001c8\" data-element_type=\"column\">\n\t\t\t<div class=\"elementor-widget-wrap elementor-element-populated\">\n\t\t\t\t\t\t\t\t<div class=\"elementor-element elementor-element-8160cfa elementor-widget elementor-widget-image\" data-id=\"8160cfa\" data-element_type=\"widget\" data-widget_type=\"image.default\">\n\t\t\t\t<div class=\"elementor-widget-container\">\n\t\t\t\t\t\t\t\t\t\t\t\t\t\t\t<img fetchpriority=\"high\" decoding=\"async\" width=\"251\" height=\"300\" src=\"https:\/\/www.casadesantaanadabeira.com\/wp-content\/uploads\/2025\/01\/Brasao_Sombra_Site-251x300.png\" class=\"attachment-medium size-medium wp-image-2169\" alt=\"\" srcset=\"https:\/\/www.casadesantaanadabeira.com\/wp-content\/uploads\/2025\/01\/Brasao_Sombra_Site-251x300.png 251w, https:\/\/www.casadesantaanadabeira.com\/wp-content\/uploads\/2025\/01\/Brasao_Sombra_Site-768x917.png 768w, https:\/\/www.casadesantaanadabeira.com\/wp-content\/uploads\/2025\/01\/Brasao_Sombra_Site.png 858w\" sizes=\"(max-width: 251px) 100vw, 251px\" \/>\t\t\t\t\t\t\t\t\t\t\t\t\t\t\t<\/div>\n\t\t\t\t<\/div>\n\t\t\t\t\t<\/div>\n\t\t<\/div>\n\t\t\t\t\t\t\t<\/div>\n\t\t<\/section>\n\t\t\t\t\t\t\t<\/div>\n\t\t","protected":false},"excerpt":{"rendered":"<p>Casa de Santa Ana da Beira\u00a0is fulfilled with the obligations that result from the data protection law and the Personal Data Treatment Law and Privacy Protection in the Electronic Telecommunications sector. Our privacy and cookies policy explains how we will treat any personal information that provides ourselves when using this website and the services that [&hellip;]<\/p>\n","protected":false},"author":2,"featured_media":930,"parent":0,"menu_order":0,"comment_status":"closed","ping_status":"closed","template":"","meta":{"om_disable_all_campaigns":false,"_monsterinsights_skip_tracking":false,"_monsterinsights_sitenote_active":false,"_monsterinsights_sitenote_note":"","_monsterinsights_sitenote_category":0,"footnotes":""},"class_list":["post-1153","page","type-page","status-publish","has-post-thumbnail","hentry"],"aioseo_notices":[],"_links":{"self":[{"href":"https:\/\/www.casadesantaanadabeira.com\/en\/wp-json\/wp\/v2\/pages\/1153","targetHints":{"allow":["GET"]}}],"collection":[{"href":"https:\/\/www.casadesantaanadabeira.com\/en\/wp-json\/wp\/v2\/pages"}],"about":[{"href":"https:\/\/www.casadesantaanadabeira.com\/en\/wp-json\/wp\/v2\/types\/page"}],"author":[{"embeddable":true,"href":"https:\/\/www.casadesantaanadabeira.com\/en\/wp-json\/wp\/v2\/users\/2"}],"replies":[{"embeddable":true,"href":"https:\/\/www.casadesantaanadabeira.com\/en\/wp-json\/wp\/v2\/comments?post=1153"}],"version-history":[{"count":52,"href":"https:\/\/www.casadesantaanadabeira.com\/en\/wp-json\/wp\/v2\/pages\/1153\/revisions"}],"predecessor-version":[{"id":2281,"href":"https:\/\/www.casadesantaanadabeira.com\/en\/wp-json\/wp\/v2\/pages\/1153\/revisions\/2281"}],"wp:featuredmedia":[{"embeddable":true,"href":"https:\/\/www.casadesantaanadabeira.com\/en\/wp-json\/wp\/v2\/media\/930"}],"wp:attachment":[{"href":"https:\/\/www.casadesantaanadabeira.com\/en\/wp-json\/wp\/v2\/media?parent=1153"}],"curies":[{"name":"wp","href":"https:\/\/api.w.org\/{rel}","templated":true}]}}